{"id":10,"date":"2025-07-12T02:49:21","date_gmt":"2025-07-12T02:49:21","guid":{"rendered":"https:\/\/myepanel.ir\/schmiede\/?page_id=10"},"modified":"2025-07-23T11:26:07","modified_gmt":"2025-07-23T11:26:07","slug":"kontaktieren-sie-uns","status":"publish","type":"page","link":"https:\/\/restaurant-alteschmiede.de\/de\/kontaktieren-sie-uns\/","title":{"rendered":"Kontaktieren Sie uns"},"content":{"rendered":"\t\t<div data-elementor-type=\"wp-page\" data-elementor-id=\"10\" class=\"elementor elementor-10\" data-elementor-post-type=\"page\">\n\t\t\t\t<div class=\"elementor-element elementor-element-2acf5071 e-con-full e-flex e-con e-parent\" data-id=\"2acf5071\" data-element_type=\"container\">\n\t\t\t\t<div class=\"elementor-element elementor-element-4d69ed34 elementor-widget elementor-widget-template\" data-id=\"4d69ed34\" data-element_type=\"widget\" data-widget_type=\"template.default\">\n\t\t\t\t<div class=\"elementor-widget-container\">\n\t\t\t\t\t\t\t<div class=\"elementor-template\">\n\t\t\t\t\t<div data-elementor-type=\"section\" data-elementor-id=\"834\" class=\"elementor elementor-834\" data-elementor-post-type=\"elementor_library\">\n\t\t\t<div class=\"elementor-element elementor-element-2f8c50e6 e-con-full e-flex e-con e-parent\" data-id=\"2f8c50e6\" data-element_type=\"container\" data-settings=\"{&quot;background_background&quot;:&quot;classic&quot;}\">\n\t\t\t\t<div class=\"elementor-element elementor-element-585e56b elementor-widget elementor-widget-hfe-breadcrumbs-widget\" data-id=\"585e56b\" data-element_type=\"widget\" id=\"breadcrumb-section\" data-widget_type=\"hfe-breadcrumbs-widget.default\">\n\t\t\t\t<div class=\"elementor-widget-container\">\n\t\t\t\t\t<nav aria-label=\"Breadcrumb\"><ul class=\"hfe-breadcrumbs hfe-breadcrumbs-show-home\"><li class=\"hfe-breadcrumbs-item hfe-breadcrumbs-first\"><span class=\"hfe-breadcrumbs-home-icon\"><\/span><a href=\"https:\/\/restaurant-alteschmiede.de\/de\"><span class=\"hfe-breadcrumbs-text\">Heim<\/span><\/a><\/li><\/ul><\/nav>\t\t\t\t<\/div>\n\t\t\t\t<\/div>\n\t\t\t\t<div class=\"elementor-element elementor-element-be2f466 elementor-widget elementor-widget-image\" data-id=\"be2f466\" data-element_type=\"widget\" data-widget_type=\"image.default\">\n\t\t\t\t\t\t\t\t\t\t\t\t\t\t\t<img decoding=\"async\" width=\"304\" height=\"37\" src=\"https:\/\/restaurant-alteschmiede.de\/de\/wp-content\/uploads\/2025\/07\/Objects.svg\" class=\"attachment-large size-large wp-image-101\" alt=\"\" \/>\t\t\t\t\t\t\t\t\t\t\t\t\t\t\t<\/div>\n\t\t\t\t<\/div>\n\t\t\t\t<\/div>\n\t\t\t\t<\/div>\n\t\t\t\t\t\t<\/div>\n\t\t\t\t<\/div>\n\t\t\t\t<\/div>\n\t\t<div class=\"elementor-element elementor-element-7cd26c80 e-flex e-con-boxed e-con e-parent\" data-id=\"7cd26c80\" data-element_type=\"container\">\n\t\t\t\t\t<div class=\"e-con-inner\">\n\t\t<div class=\"elementor-element elementor-element-390eae52 e-con-full e-flex e-con e-child\" data-id=\"390eae52\" data-element_type=\"container\">\n\t\t\t\t<div class=\"elementor-element elementor-element-2e92b99a elementor-widget elementor-widget-heading\" data-id=\"2e92b99a\" data-element_type=\"widget\" data-widget_type=\"heading.default\">\n\t\t\t\t\t<h3 class=\"elementor-heading-title elementor-size-default\">INFORMATION<\/h3>\t\t\t\t<\/div>\n\t\t\t\t<div class=\"elementor-element elementor-element-3218ae4a elementor-position-left elementor-vertical-align-middle elementor-mobile-position-left elementor-view-default elementor-invisible elementor-widget elementor-widget-icon-box\" data-id=\"3218ae4a\" data-element_type=\"widget\" data-settings=\"{&quot;_animation&quot;:&quot;fadeInUp&quot;,&quot;_animation_delay&quot;:200}\" data-widget_type=\"icon-box.default\">\n\t\t\t\t\t\t\t<div class=\"elementor-icon-box-wrapper\">\n\n\t\t\t\t\t\t<div class=\"elementor-icon-box-icon\">\n\t\t\t\t<a href=\"mailto:alteschmiede.luebeck@gmail.com\" class=\"elementor-icon\" tabindex=\"-1\" aria-label=\"alteschmiede.luebeck@gmail.com\">\n\t\t\t\t<svg aria-hidden=\"true\" class=\"e-font-icon-svg e-fas-envelope\" viewBox=\"0 0 512 512\" xmlns=\"http:\/\/www.w3.org\/2000\/svg\"><path d=\"M502.3 190.8c3.9-3.1 9.7-.2 9.7 4.7V400c0 26.5-21.5 48-48 48H48c-26.5 0-48-21.5-48-48V195.6c0-5 5.7-7.8 9.7-4.7 22.4 17.4 52.1 39.5 154.1 113.6 21.1 15.4 56.7 47.8 92.2 47.6 35.7.3 72-32.8 92.3-47.6 102-74.1 131.6-96.3 154-113.7zM256 320c23.2.4 56.6-29.2 73.4-41.4 132.7-96.3 142.8-104.7 173.4-128.7 5.8-4.5 9.2-11.5 9.2-18.9v-19c0-26.5-21.5-48-48-48H48C21.5 64 0 85.5 0 112v19c0 7.4 3.4 14.3 9.2 18.9 30.6 23.9 40.7 32.4 173.4 128.7 16.8 12.2 50.2 41.8 73.4 41.4z\"><\/path><\/svg>\t\t\t\t<\/a>\n\t\t\t<\/div>\n\t\t\t\n\t\t\t\t\t\t<div class=\"elementor-icon-box-content\">\n\n\t\t\t\t\t\t\t\t\t<h3 class=\"elementor-icon-box-title\">\n\t\t\t\t\t\t<a href=\"mailto:alteschmiede.luebeck@gmail.com\" >\n\t\t\t\t\t\t\talteschmiede.luebeck@gmail.com\t\t\t\t\t\t<\/a>\n\t\t\t\t\t<\/h3>\n\t\t\t\t\n\t\t\t\t\n\t\t\t<\/div>\n\t\t\t\n\t\t<\/div>\n\t\t\t\t\t\t<\/div>\n\t\t\t\t<div class=\"elementor-element elementor-element-dde25d6 elementor-position-left elementor-vertical-align-middle elementor-mobile-position-left elementor-view-default elementor-invisible elementor-widget elementor-widget-icon-box\" data-id=\"dde25d6\" data-element_type=\"widget\" data-settings=\"{&quot;_animation&quot;:&quot;fadeInUp&quot;,&quot;_animation_delay&quot;:200}\" data-widget_type=\"icon-box.default\">\n\t\t\t\t\t\t\t<div class=\"elementor-icon-box-wrapper\">\n\n\t\t\t\t\t\t<div class=\"elementor-icon-box-icon\">\n\t\t\t\t<a href=\"tel:+494517070126\" class=\"elementor-icon\" tabindex=\"-1\" aria-label=\"+49 451 7070 126\">\n\t\t\t\t<svg aria-hidden=\"true\" class=\"e-font-icon-svg e-fas-phone-alt\" viewBox=\"0 0 512 512\" xmlns=\"http:\/\/www.w3.org\/2000\/svg\"><path d=\"M497.39 361.8l-112-48a24 24 0 0 0-28 6.9l-49.6 60.6A370.66 370.66 0 0 1 130.6 204.11l60.6-49.6a23.94 23.94 0 0 0 6.9-28l-48-112A24.16 24.16 0 0 0 122.6.61l-104 24A24 24 0 0 0 0 48c0 256.5 207.9 464 464 464a24 24 0 0 0 23.4-18.6l24-104a24.29 24.29 0 0 0-14.01-27.6z\"><\/path><\/svg>\t\t\t\t<\/a>\n\t\t\t<\/div>\n\t\t\t\n\t\t\t\t\t\t<div class=\"elementor-icon-box-content\">\n\n\t\t\t\t\t\t\t\t\t<h3 class=\"elementor-icon-box-title\">\n\t\t\t\t\t\t<a href=\"tel:+494517070126\" >\n\t\t\t\t\t\t\t+49 451 7070 126\t\t\t\t\t\t<\/a>\n\t\t\t\t\t<\/h3>\n\t\t\t\t\n\t\t\t\t\n\t\t\t<\/div>\n\t\t\t\n\t\t<\/div>\n\t\t\t\t\t\t<\/div>\n\t\t\t\t<div class=\"elementor-element elementor-element-4a7da4cd elementor-position-left elementor-vertical-align-middle elementor-widget__width-initial elementor-mobile-position-left elementor-view-default elementor-invisible elementor-widget elementor-widget-icon-box\" data-id=\"4a7da4cd\" data-element_type=\"widget\" data-settings=\"{&quot;_animation&quot;:&quot;fadeInUp&quot;,&quot;_animation_delay&quot;:200}\" data-widget_type=\"icon-box.default\">\n\t\t\t\t\t\t\t<div class=\"elementor-icon-box-wrapper\">\n\n\t\t\t\t\t\t<div class=\"elementor-icon-box-icon\">\n\t\t\t\t<span  class=\"elementor-icon\">\n\t\t\t\t<svg aria-hidden=\"true\" class=\"e-font-icon-svg e-fas-map-marker-alt\" viewBox=\"0 0 384 512\" xmlns=\"http:\/\/www.w3.org\/2000\/svg\"><path d=\"M172.268 501.67C26.97 291.031 0 269.413 0 192 0 85.961 85.961 0 192 0s192 85.961 192 192c0 77.413-26.97 99.031-172.268 309.67-9.535 13.774-29.93 13.773-39.464 0zM192 272c44.183 0 80-35.817 80-80s-35.817-80-80-80-80 35.817-80 80 35.817 80 80 80z\"><\/path><\/svg>\t\t\t\t<\/span>\n\t\t\t<\/div>\n\t\t\t\n\t\t\t\t\t\t<div class=\"elementor-icon-box-content\">\n\n\t\t\t\t\t\t\t\t\t<h3 class=\"elementor-icon-box-title\">\n\t\t\t\t\t\t<span  >\n\t\t\t\t\t\t\tGermany, M\u00fchlenstra\u00dfe 9, 23552 L\u00fcbeck\t\t\t\t\t\t<\/span>\n\t\t\t\t\t<\/h3>\n\t\t\t\t\n\t\t\t\t\n\t\t\t<\/div>\n\t\t\t\n\t\t<\/div>\n\t\t\t\t\t\t<\/div>\n\t\t\t\t<div class=\"elementor-element elementor-element-1df5a495 elementor-widget elementor-widget-spacer\" data-id=\"1df5a495\" data-element_type=\"widget\" data-widget_type=\"spacer.default\">\n\t\t\t\t\t\t\t<div class=\"elementor-spacer\">\n\t\t\t<div class=\"elementor-spacer-inner\"><\/div>\n\t\t<\/div>\n\t\t\t\t\t\t<\/div>\n\t\t\t\t<div class=\"elementor-element elementor-element-271e8558 elementor-hidden-desktop elementor-hidden-tablet elementor-hidden-mobile elementor-widget elementor-widget-heading\" data-id=\"271e8558\" data-element_type=\"widget\" data-widget_type=\"heading.default\">\n\t\t\t\t\t<h3 class=\"elementor-heading-title elementor-size-default\">Our Social Account<\/h3>\t\t\t\t<\/div>\n\t\t\t\t<div class=\"elementor-element elementor-element-28146d73 e-grid-align-left e-grid-align-mobile-center elementor-hidden-desktop elementor-hidden-tablet elementor-hidden-mobile elementor-shape-rounded elementor-grid-0 elementor-invisible elementor-widget elementor-widget-social-icons\" data-id=\"28146d73\" data-element_type=\"widget\" data-settings=\"{&quot;_animation&quot;:&quot;fadeInUp&quot;}\" data-widget_type=\"social-icons.default\">\n\t\t\t\t\t\t\t<div class=\"elementor-social-icons-wrapper elementor-grid\" role=\"list\">\n\t\t\t\t\t\t\t<span class=\"elementor-grid-item\" role=\"listitem\">\n\t\t\t\t\t<a class=\"elementor-icon elementor-social-icon elementor-social-icon- elementor-animation-shrink elementor-repeater-item-740ddc3\" target=\"_blank\">\n\t\t\t\t\t\t<span class=\"elementor-screen-only\"><\/span>\n\t\t\t\t\t\t<svg xmlns=\"http:\/\/www.w3.org\/2000\/svg\" width=\"24\" height=\"25\" viewBox=\"0 0 24 25\" fill=\"none\"><path d=\"M17.25 6.08984C17.25 5.67563 17.5858 5.33984 18 5.33984H18.01C18.4242 5.33984 18.76 5.67563 18.76 6.08984C18.76 6.50406 18.4242 6.83984 18.01 6.83984H18C17.5858 6.83984 17.25 6.50406 17.25 6.08984Z\" fill=\"black\"><\/path><path fill-rule=\"evenodd\" clip-rule=\"evenodd\" d=\"M12 7.33984C9.37665 7.33984 7.25 9.46649 7.25 12.0898C7.25 14.7132 9.37665 16.8398 12 16.8398C14.6234 16.8398 16.75 14.7132 16.75 12.0898C16.75 9.46649 14.6234 7.33984 12 7.33984ZM8.75 12.0898C8.75 10.2949 10.2051 8.83984 12 8.83984C13.7949 8.83984 15.25 10.2949 15.25 12.0898C15.25 13.8848 13.7949 15.3398 12 15.3398C10.2051 15.3398 8.75 13.8848 8.75 12.0898Z\" fill=\"black\"><\/path><path fill-rule=\"evenodd\" clip-rule=\"evenodd\" d=\"M1.25 6.58984C1.25 3.69035 3.60051 1.33984 6.5 1.33984H17.5C20.3995 1.33984 22.75 3.69035 22.75 6.58984V17.5898C22.75 20.4893 20.3995 22.8398 17.5 22.8398H6.5C3.60051 22.8398 1.25 20.4893 1.25 17.5898V6.58984ZM6.5 2.83984C4.42893 2.83984 2.75 4.51878 2.75 6.58984V17.5898C2.75 19.6609 4.42893 21.3398 6.5 21.3398H17.5C19.5711 21.3398 21.25 19.6609 21.25 17.5898V6.58984C21.25 4.51878 19.5711 2.83984 17.5 2.83984H6.5Z\" fill=\"black\"><\/path><\/svg>\t\t\t\t\t<\/a>\n\t\t\t\t<\/span>\n\t\t\t\t\t\t\t<span class=\"elementor-grid-item\" role=\"listitem\">\n\t\t\t\t\t<a class=\"elementor-icon elementor-social-icon elementor-social-icon- elementor-animation-shrink elementor-repeater-item-9fbc149\" target=\"_blank\">\n\t\t\t\t\t\t<span class=\"elementor-screen-only\"><\/span>\n\t\t\t\t\t\t<svg xmlns=\"http:\/\/www.w3.org\/2000\/svg\" width=\"24\" height=\"24\" viewBox=\"0 0 24 24\" fill=\"none\"><path d=\"M2.00014 22.7502C1.80014 22.7502 1.61011 22.6702 1.47011 22.5302C1.28011 22.3402 1.20016 22.0602 1.27016 21.8002L2.53017 17.0902C1.69017 15.5302 1.25014 13.7702 1.25014 11.9902C1.25014 6.06023 6.07014 1.24023 12.0001 1.24023C17.9301 1.24023 22.7501 6.06023 22.7501 11.9902C22.7501 17.9202 17.9301 22.7402 12.0001 22.7402C10.1901 22.7402 8.42017 22.2902 6.84017 21.4302L2.20015 22.7202C2.13015 22.7402 2.07014 22.7502 2.00014 22.7502ZM6.94014 19.8802C7.07014 19.8802 7.20015 19.9203 7.32015 19.9803C8.73015 20.8103 10.3501 21.2502 12.0001 21.2502C17.1001 21.2502 21.2501 17.1002 21.2501 12.0002C21.2501 6.90024 17.1001 2.75024 12.0001 2.75024C6.90014 2.75024 2.75014 6.90024 2.75014 12.0002C2.75014 13.6302 3.18013 15.2202 3.99013 16.6202C4.09013 16.7902 4.12015 17.0002 4.07015 17.1902L3.07015 20.9302L6.75014 19.9102C6.81014 19.8902 6.88014 19.8802 6.94014 19.8802Z\" fill=\"black\"><\/path><path d=\"M14.7402 17.7598C14.1202 17.7598 13.4802 17.6198 12.8102 17.3298C12.1802 17.0598 11.5502 16.6998 10.9402 16.2498C10.3402 15.8098 9.75027 15.3098 9.21027 14.7698C8.67027 14.2198 8.17022 13.6398 7.73022 13.0398C7.28022 12.4098 6.92022 11.7898 6.66022 11.1798C6.38022 10.5198 6.24023 9.8698 6.24023 9.2498C6.24023 8.8098 6.32021 8.3898 6.47021 7.9998C6.63021 7.5898 6.89022 7.21979 7.23022 6.89979C7.87022 6.26979 8.79026 6.03981 9.52026 6.38981C9.77026 6.49981 9.98026 6.67981 10.1403 6.91981L11.3002 8.54979C11.4202 8.70979 11.5103 8.87979 11.5803 9.04979C11.6603 9.24979 11.7103 9.44981 11.7103 9.63981C11.7103 9.89981 11.6402 10.1598 11.5002 10.3898C11.4102 10.5398 11.2802 10.7198 11.1102 10.8898L10.9802 11.0298C11.0402 11.1098 11.1102 11.2098 11.2202 11.3298C11.4302 11.5698 11.6602 11.8298 11.9102 12.0798C12.1602 12.3198 12.4102 12.5598 12.6602 12.7698C12.7802 12.8698 12.8803 12.9498 12.9603 12.9998L13.1002 12.8598C13.2802 12.6798 13.4603 12.5398 13.6403 12.4498C13.9703 12.2398 14.4802 12.1898 14.9302 12.3798C15.0902 12.4398 15.2502 12.5298 15.4202 12.6498L17.0903 13.8298C17.3203 13.9898 17.5002 14.2098 17.6202 14.4598C17.7202 14.7098 17.7603 14.9298 17.7603 15.1598C17.7603 15.4598 17.6902 15.7498 17.5602 16.0298C17.4302 16.2898 17.2802 16.5198 17.1002 16.7298C16.7802 17.0798 16.4103 17.3398 16.0103 17.5098C15.6103 17.6798 15.1802 17.7598 14.7402 17.7598ZM8.79022 7.73979C8.73022 7.73979 8.53027 7.73979 8.28027 7.98979C8.09027 8.16979 7.96024 8.35981 7.87024 8.56981C7.78024 8.77981 7.74023 9.01981 7.74023 9.25981C7.74023 9.67981 7.84022 10.1298 8.04022 10.6098C8.25022 11.1098 8.56025 11.6398 8.94025 12.1698C9.33025 12.6998 9.77025 13.2298 10.2603 13.7198C10.7503 14.1998 11.2702 14.6498 11.8102 15.0498C12.3302 15.4298 12.8603 15.7298 13.3903 15.9598C14.1503 16.2898 14.8502 16.3698 15.4202 16.1298C15.6202 16.0498 15.8002 15.9098 15.9802 15.7298C16.0702 15.6298 16.1403 15.5298 16.2003 15.3998C16.2303 15.3298 16.2502 15.2498 16.2502 15.1798C16.2502 15.1598 16.2502 15.1298 16.2202 15.0698L14.5502 13.9098C14.4802 13.8598 14.4102 13.8198 14.3502 13.7998C14.3102 13.8198 14.2503 13.8498 14.1403 13.9598L13.7603 14.3398C13.4703 14.6298 13.0103 14.7098 12.6403 14.5798L12.4603 14.4998C12.2303 14.3798 11.9702 14.1998 11.6802 13.9498C11.4002 13.7098 11.1303 13.4598 10.8403 13.1798C10.5603 12.8898 10.3103 12.6198 10.0703 12.3398C9.81025 12.0298 9.63025 11.7798 9.51025 11.5698L9.40027 11.3098C9.37027 11.2098 9.36023 11.0998 9.36023 10.9998C9.36023 10.7198 9.46027 10.4698 9.65027 10.2698L10.0303 9.8798C10.1403 9.7698 10.1803 9.70981 10.2003 9.66981C10.1703 9.59981 10.1303 9.5398 10.0803 9.4698L8.91022 7.81981L8.79022 7.73979Z\" fill=\"black\"><\/path><\/svg>\t\t\t\t\t<\/a>\n\t\t\t\t<\/span>\n\t\t\t\t\t\t\t<span class=\"elementor-grid-item\" role=\"listitem\">\n\t\t\t\t\t<a class=\"elementor-icon elementor-social-icon elementor-social-icon- elementor-animation-shrink elementor-repeater-item-63e60b1\" target=\"_blank\">\n\t\t\t\t\t\t<span class=\"elementor-screen-only\"><\/span>\n\t\t\t\t\t\t<svg xmlns=\"http:\/\/www.w3.org\/2000\/svg\" width=\"24\" height=\"25\" viewBox=\"0 0 24 25\" fill=\"none\"><path fill-rule=\"evenodd\" clip-rule=\"evenodd\" d=\"M8.75 6.58984C8.75 3.69035 11.1005 1.33984 14 1.33984H17.5C17.9142 1.33984 18.25 1.67563 18.25 2.08984V6.08984C18.25 6.50406 17.9142 6.83984 17.5 6.83984H15.25C14.6977 6.83984 14.25 7.28756 14.25 7.83984V9.33984H17.5C17.731 9.33984 17.949 9.44625 18.0912 9.62828C18.2333 9.81032 18.2836 10.0477 18.2276 10.2717L17.2276 14.2717C17.1441 14.6056 16.8442 14.8398 16.5 14.8398H14.25V22.0898C14.25 22.5041 13.9142 22.8398 13.5 22.8398H9.5C9.08579 22.8398 8.75 22.5041 8.75 22.0898V14.8398H7C6.58579 14.8398 6.25 14.5041 6.25 14.0898V10.0898C6.25 9.67563 6.58579 9.33984 7 9.33984H8.75V6.58984ZM14 2.83984C11.9289 2.83984 10.25 4.51878 10.25 6.58984V10.0898C10.25 10.5041 9.91421 10.8398 9.5 10.8398H7.75V13.3398H9.5C9.91421 13.3398 10.25 13.6756 10.25 14.0898V21.3398H12.75V14.0898C12.75 13.6756 13.0858 13.3398 13.5 13.3398H15.9144L16.5394 10.8398H13.5C13.0858 10.8398 12.75 10.5041 12.75 10.0898V7.83984C12.75 6.45913 13.8693 5.33984 15.25 5.33984H16.75V2.83984H14Z\" fill=\"black\"><\/path><\/svg>\t\t\t\t\t<\/a>\n\t\t\t\t<\/span>\n\t\t\t\t\t\t\t<span class=\"elementor-grid-item\" role=\"listitem\">\n\t\t\t\t\t<a class=\"elementor-icon elementor-social-icon elementor-social-icon- elementor-animation-shrink elementor-repeater-item-fddb8a0\" target=\"_blank\">\n\t\t\t\t\t\t<span class=\"elementor-screen-only\"><\/span>\n\t\t\t\t\t\t<svg xmlns=\"http:\/\/www.w3.org\/2000\/svg\" width=\"24\" height=\"25\" viewBox=\"0 0 24 25\" fill=\"none\"><path fill-rule=\"evenodd\" clip-rule=\"evenodd\" d=\"M19.4539 3.57582C19.7377 3.27419 20.2124 3.25981 20.514 3.5437C20.8157 3.82758 20.83 4.30224 20.5462 4.60387L14.2375 11.3068L21.1042 20.6456C21.2718 20.8734 21.2969 21.1761 21.1692 21.4284C21.0416 21.6808 20.7828 21.8398 20.5 21.8398H16.5C16.2614 21.8398 16.0371 21.7263 15.8958 21.5341L10.9467 14.8033L4.54615 21.6039C4.26227 21.9055 3.78761 21.9199 3.48598 21.636C3.18435 21.3521 3.16996 20.8775 3.45385 20.5758L10.0432 13.5746L3.39577 4.53414C3.22824 4.3063 3.20312 4.0036 3.33079 3.75126C3.45845 3.49892 3.71721 3.33984 4.00001 3.33984H8.00001C8.23858 3.33984 8.46292 3.45335 8.60425 3.64555L13.3341 10.0781L19.4539 3.57582ZM16.8795 20.3398L5.4824 4.83984H7.62056L19.0176 20.3398H16.8795Z\" fill=\"black\"><\/path><\/svg>\t\t\t\t\t<\/a>\n\t\t\t\t<\/span>\n\t\t\t\t\t\t\t<span class=\"elementor-grid-item\" role=\"listitem\">\n\t\t\t\t\t<a class=\"elementor-icon elementor-social-icon elementor-social-icon- elementor-animation-shrink elementor-repeater-item-e57a363\" target=\"_blank\">\n\t\t\t\t\t\t<span class=\"elementor-screen-only\"><\/span>\n\t\t\t\t\t\t<svg xmlns=\"http:\/\/www.w3.org\/2000\/svg\" width=\"24\" height=\"25\" viewBox=\"0 0 24 25\" fill=\"none\"><path fill-rule=\"evenodd\" clip-rule=\"evenodd\" d=\"M20.336 5.15538C20.428 4.57255 19.842 4.11662 19.2997 4.34905L3.11834 11.2839C2.91009 11.3732 2.91846 11.6712 3.13139 11.7487L6.25663 12.8851C6.64591 13.0267 6.84672 13.457 6.70517 13.8463C6.56361 14.2355 6.13329 14.4364 5.74402 14.2948L2.61877 13.1583C1.12826 12.6163 1.0697 10.53 2.52746 9.9052L18.7088 2.97034C20.3358 2.27304 22.0937 3.64083 21.8176 5.38933L19.6375 19.1965C19.3704 20.8885 17.3858 21.6733 16.0337 20.6216L10.3811 16.2252C9.31283 15.3943 9.21451 13.8151 10.1715 12.8581L13.47 9.55962C13.7629 9.26673 14.2378 9.26673 14.5307 9.55962C14.8235 9.85252 14.8235 10.3274 14.5307 10.6203L11.2322 13.9188C10.9132 14.2378 10.9459 14.7642 11.302 15.0411L16.9546 19.4376C17.4053 19.7881 18.0668 19.5265 18.1559 18.9625L20.336 5.15538Z\" fill=\"black\"><\/path><\/svg>\t\t\t\t\t<\/a>\n\t\t\t\t<\/span>\n\t\t\t\t\t<\/div>\n\t\t\t\t\t\t<\/div>\n\t\t\t\t<\/div>\n\t\t<div class=\"elementor-element elementor-element-66d8191f e-con-full e-flex e-con e-child\" data-id=\"66d8191f\" data-element_type=\"container\">\n\t\t\t\t<div class=\"elementor-element elementor-element-b736917 elementor-invisible elementor-widget elementor-widget-heading\" data-id=\"b736917\" data-element_type=\"widget\" data-settings=\"{&quot;_animation&quot;:&quot;fadeInUp&quot;,&quot;_animation_delay&quot;:170}\" data-widget_type=\"heading.default\">\n\t\t\t\t\t<h3 class=\"elementor-heading-title elementor-size-default\">Kontaktieren Sie uns noch heute, um mit uns das Beste zu erleben.<\/h3>\t\t\t\t<\/div>\n\t\t\t\t<div class=\"elementor-element elementor-element-1bc5ad67 elementor-button-align-start elementor-invisible elementor-widget elementor-widget-form\" data-id=\"1bc5ad67\" data-element_type=\"widget\" data-settings=\"{&quot;step_next_label&quot;:&quot;Next&quot;,&quot;step_previous_label&quot;:&quot;Previous&quot;,&quot;_animation&quot;:&quot;fadeInUp&quot;,&quot;_animation_delay&quot;:220,&quot;button_width&quot;:&quot;100&quot;,&quot;step_type&quot;:&quot;number_text&quot;,&quot;step_icon_shape&quot;:&quot;circle&quot;}\" data-widget_type=\"form.default\">\n\t\t\t\t\t\t\t<form class=\"elementor-form\" method=\"post\" name=\"New Form\">\n\t\t\t<input type=\"hidden\" name=\"post_id\" value=\"10\"\/>\n\t\t\t<input type=\"hidden\" name=\"form_id\" value=\"1bc5ad67\"\/>\n\t\t\t<input type=\"hidden\" name=\"referer_title\" value=\"Kontaktieren Sie uns\" \/>\n\n\t\t\t\t\t\t\t<input type=\"hidden\" name=\"queried_id\" value=\"10\"\/>\n\t\t\t\n\t\t\t<div class=\"elementor-form-fields-wrapper elementor-labels-\">\n\t\t\t\t\t\t\t\t<div class=\"elementor-field-type-text elementor-field-group elementor-column elementor-field-group-name elementor-col-100\">\n\t\t\t\t\t\t\t\t\t\t\t\t<label for=\"form-field-name\" class=\"elementor-field-label elementor-screen-only\">\n\t\t\t\t\t\t\t\tName\t\t\t\t\t\t\t<\/label>\n\t\t\t\t\t\t\t\t\t\t\t\t\t\t<input size=\"1\" type=\"text\" name=\"form_fields[name]\" id=\"form-field-name\" class=\"elementor-field elementor-size-lg  elementor-field-textual\" placeholder=\"Name\">\n\t\t\t\t\t\t\t\t\t\t\t<\/div>\n\t\t\t\t\t\t\t\t<div class=\"elementor-field-type-email elementor-field-group elementor-column elementor-field-group-email elementor-col-100 elementor-field-required\">\n\t\t\t\t\t\t\t\t\t\t\t\t<label for=\"form-field-email\" class=\"elementor-field-label elementor-screen-only\">\n\t\t\t\t\t\t\t\tEmail\t\t\t\t\t\t\t<\/label>\n\t\t\t\t\t\t\t\t\t\t\t\t\t\t<input size=\"1\" type=\"email\" name=\"form_fields[email]\" id=\"form-field-email\" class=\"elementor-field elementor-size-lg  elementor-field-textual\" placeholder=\"Email\" required=\"required\">\n\t\t\t\t\t\t\t\t\t\t\t<\/div>\n\t\t\t\t\t\t\t\t<div class=\"elementor-field-type-tel elementor-field-group elementor-column elementor-field-group-field_8763a8d elementor-col-100 elementor-field-required\">\n\t\t\t\t\t\t\t\t\t\t\t\t<label for=\"form-field-field_8763a8d\" class=\"elementor-field-label elementor-screen-only\">\n\t\t\t\t\t\t\t\tTelefon\t\t\t\t\t\t\t<\/label>\n\t\t\t\t\t\t\t\t<input size=\"1\" type=\"tel\" name=\"form_fields[field_8763a8d]\" id=\"form-field-field_8763a8d\" class=\"elementor-field elementor-size-lg  elementor-field-textual\" placeholder=\"Telefon\" required=\"required\" pattern=\"[0-9()#&amp;+*-=.]+\" title=\"Only numbers and phone characters (#, -, *, etc) are accepted.\">\n\n\t\t\t\t\t\t<\/div>\n\t\t\t\t\t\t\t\t<div class=\"elementor-field-type-textarea elementor-field-group elementor-column elementor-field-group-message elementor-col-100\">\n\t\t\t\t\t\t\t\t\t\t\t\t<label for=\"form-field-message\" class=\"elementor-field-label elementor-screen-only\">\n\t\t\t\t\t\t\t\tNachricht\t\t\t\t\t\t\t<\/label>\n\t\t\t\t\t\t<textarea class=\"elementor-field-textual elementor-field  elementor-size-lg\" name=\"form_fields[message]\" id=\"form-field-message\" rows=\"6\" placeholder=\"Nachricht\"><\/textarea>\t\t\t\t<\/div>\n\t\t\t\t\t\t\t\t<div class=\"elementor-field-group elementor-column elementor-field-type-submit elementor-col-100 e-form__buttons\">\n\t\t\t\t\t<button class=\"elementor-button elementor-size-sm elementor-animation-shrink\" type=\"submit\">\n\t\t\t\t\t\t<span class=\"elementor-button-content-wrapper\">\n\t\t\t\t\t\t\t\t\t\t\t\t\t\t\t\t\t\t\t\t\t\t<span class=\"elementor-button-text\">Schicken<\/span>\n\t\t\t\t\t\t\t\t\t\t\t\t\t<\/span>\n\t\t\t\t\t<\/button>\n\t\t\t\t<\/div>\n\t\t\t<\/div>\n\t\t<\/form>\n\t\t\t\t\t\t<\/div>\n\t\t\t\t<\/div>\n\t\t<div class=\"elementor-element elementor-element-546feaf4 e-con-full e-flex e-con e-child\" data-id=\"546feaf4\" data-element_type=\"container\">\n\t\t\t\t<div class=\"elementor-element elementor-element-4a8a864 elementor-widget elementor-widget-html\" data-id=\"4a8a864\" data-element_type=\"widget\" data-widget_type=\"html.default\">\n\t\t\t\t\t<iframe src=\"https:\/\/www.google.com\/maps\/embed?pb=!1m18!1m12!1m3!1d2352.800149980979!2d10.685849299999997!3d53.864201599999994!2m3!1f0!2f0!3f0!3m2!1i1024!2i768!4f13.1!3m3!1m2!1s0x47b2095a3e1f2eeb%3A0x3c609c19a098d16d!2sRestaurant%20Alte%20Schmiede!5e0!3m2!1sen!2s!4v1753013157782!5m2!1sen!2s\" width=\"1400\" height=\"300\" style=\"border:0;\" allowfullscreen=\"\" loading=\"lazy\" referrerpolicy=\"no-referrer-when-downgrade\"><\/iframe>\t\t\t\t<\/div>\n\t\t\t\t<\/div>\n\t\t\t\t\t<\/div>\n\t\t\t\t<\/div>\n\t\t\t\t<\/div>\n\t\t","protected":false},"excerpt":{"rendered":"<p>INFORMATION alteschmiede.luebeck@gmail.com +49 451 7070 126 Germany, M\u00fchlenstra\u00dfe 9, 23552 L\u00fcbeck Our Social Account Kontaktieren Sie uns noch heute, um mit uns das Beste zu erleben.<\/p>\n","protected":false},"author":1,"featured_media":0,"parent":0,"menu_order":0,"comment_status":"closed","ping_status":"closed","template":"","meta":{"_acf_changed":false,"footnotes":""},"class_list":["post-10","page","type-page","status-publish","hentry"],"acf":[],"_links":{"self":[{"href":"https:\/\/restaurant-alteschmiede.de\/de\/wp-json\/wp\/v2\/pages\/10","targetHints":{"allow":["GET"]}}],"collection":[{"href":"https:\/\/restaurant-alteschmiede.de\/de\/wp-json\/wp\/v2\/pages"}],"about":[{"href":"https:\/\/restaurant-alteschmiede.de\/de\/wp-json\/wp\/v2\/types\/page"}],"author":[{"embeddable":true,"href":"https:\/\/restaurant-alteschmiede.de\/de\/wp-json\/wp\/v2\/users\/1"}],"replies":[{"embeddable":true,"href":"https:\/\/restaurant-alteschmiede.de\/de\/wp-json\/wp\/v2\/comments?post=10"}],"version-history":[{"count":7,"href":"https:\/\/restaurant-alteschmiede.de\/de\/wp-json\/wp\/v2\/pages\/10\/revisions"}],"predecessor-version":[{"id":1821,"href":"https:\/\/restaurant-alteschmiede.de\/de\/wp-json\/wp\/v2\/pages\/10\/revisions\/1821"}],"wp:attachment":[{"href":"https:\/\/restaurant-alteschmiede.de\/de\/wp-json\/wp\/v2\/media?parent=10"}],"curies":[{"name":"wp","href":"https:\/\/api.w.org\/{rel}","templated":true}]}}