{"id":12,"date":"2025-07-12T02:51:04","date_gmt":"2025-07-12T02:51:04","guid":{"rendered":"https:\/\/myepanel.ir\/schmiede\/?page_id=12"},"modified":"2025-07-22T07:46:37","modified_gmt":"2025-07-22T07:46:37","slug":"uber-uns","status":"publish","type":"page","link":"https:\/\/restaurant-alteschmiede.de\/de\/uber-uns\/","title":{"rendered":"\u00dcber uns"},"content":{"rendered":"\t\t<div data-elementor-type=\"wp-page\" data-elementor-id=\"12\" class=\"elementor elementor-12\" data-elementor-post-type=\"page\">\n\t\t\t\t<div class=\"elementor-element elementor-element-96ec528 e-con-full e-flex e-con e-parent\" data-id=\"96ec528\" data-element_type=\"container\">\n\t\t\t\t<div class=\"elementor-element elementor-element-cc7093d elementor-widget elementor-widget-template\" data-id=\"cc7093d\" data-element_type=\"widget\" data-widget_type=\"template.default\">\n\t\t\t\t<div class=\"elementor-widget-container\">\n\t\t\t\t\t\t\t<div class=\"elementor-template\">\n\t\t\t\t\t<div data-elementor-type=\"section\" data-elementor-id=\"834\" class=\"elementor elementor-834\" data-elementor-post-type=\"elementor_library\">\n\t\t\t<div class=\"elementor-element elementor-element-2f8c50e6 e-con-full e-flex e-con e-parent\" data-id=\"2f8c50e6\" data-element_type=\"container\" data-settings=\"{&quot;background_background&quot;:&quot;classic&quot;}\">\n\t\t\t\t<div class=\"elementor-element elementor-element-585e56b elementor-widget elementor-widget-hfe-breadcrumbs-widget\" data-id=\"585e56b\" data-element_type=\"widget\" id=\"breadcrumb-section\" data-widget_type=\"hfe-breadcrumbs-widget.default\">\n\t\t\t\t<div class=\"elementor-widget-container\">\n\t\t\t\t\t<nav aria-label=\"Breadcrumb\"><ul class=\"hfe-breadcrumbs hfe-breadcrumbs-show-home\"><li class=\"hfe-breadcrumbs-item hfe-breadcrumbs-first\"><span class=\"hfe-breadcrumbs-home-icon\"><\/span><a href=\"https:\/\/restaurant-alteschmiede.de\/de\"><span class=\"hfe-breadcrumbs-text\">Heim<\/span><\/a><\/li><\/ul><\/nav>\t\t\t\t<\/div>\n\t\t\t\t<\/div>\n\t\t\t\t<div class=\"elementor-element elementor-element-be2f466 elementor-widget elementor-widget-image\" data-id=\"be2f466\" data-element_type=\"widget\" data-widget_type=\"image.default\">\n\t\t\t\t\t\t\t\t\t\t\t\t\t\t\t<img decoding=\"async\" width=\"304\" height=\"37\" src=\"https:\/\/restaurant-alteschmiede.de\/de\/wp-content\/uploads\/2025\/07\/Objects.svg\" class=\"attachment-large size-large wp-image-101\" alt=\"\" \/>\t\t\t\t\t\t\t\t\t\t\t\t\t\t\t<\/div>\n\t\t\t\t<\/div>\n\t\t\t\t<\/div>\n\t\t\t\t<\/div>\n\t\t\t\t\t\t<\/div>\n\t\t\t\t<\/div>\n\t\t\t\t<\/div>\n\t\t<div class=\"elementor-element elementor-element-a7f8bba e-flex e-con-boxed e-con e-parent\" data-id=\"a7f8bba\" data-element_type=\"container\">\n\t\t\t\t\t<div class=\"e-con-inner\">\n\t\t<div class=\"elementor-element elementor-element-4e48a5a e-con-full e-flex e-con e-child\" data-id=\"4e48a5a\" data-element_type=\"container\">\n\t\t\t\t<div class=\"elementor-element elementor-element-94738c8 elementor-invisible elementor-widget elementor-widget-image\" data-id=\"94738c8\" data-element_type=\"widget\" data-settings=\"{&quot;_animation&quot;:&quot;fadeInUp&quot;}\" data-widget_type=\"image.default\">\n\t\t\t\t\t\t\t\t\t\t\t\t\t\t\t<img fetchpriority=\"high\" decoding=\"async\" width=\"800\" height=\"651\" src=\"https:\/\/restaurant-alteschmiede.de\/de\/wp-content\/uploads\/2025\/07\/pic01.webp\" class=\"attachment-large size-large wp-image-253\" alt=\"\" srcset=\"https:\/\/restaurant-alteschmiede.de\/de\/wp-content\/uploads\/2025\/07\/pic01.webp 850w, https:\/\/restaurant-alteschmiede.de\/de\/wp-content\/uploads\/2025\/07\/pic01-300x244.webp 300w, https:\/\/restaurant-alteschmiede.de\/de\/wp-content\/uploads\/2025\/07\/pic01-768x625.webp 768w\" sizes=\"(max-width: 800px) 100vw, 800px\" \/>\t\t\t\t\t\t\t\t\t\t\t\t\t\t\t<\/div>\n\t\t\t\t<\/div>\n\t\t<div class=\"elementor-element elementor-element-41275f5 e-con-full e-flex e-con e-child\" data-id=\"41275f5\" data-element_type=\"container\" data-settings=\"{&quot;background_background&quot;:&quot;classic&quot;}\">\n\t\t\t\t<div class=\"elementor-element elementor-element-f87b052 elementor-invisible elementor-widget elementor-widget-heading\" data-id=\"f87b052\" data-element_type=\"widget\" data-settings=\"{&quot;_animation&quot;:&quot;fadeInUp&quot;,&quot;_animation_delay&quot;:50}\" data-widget_type=\"heading.default\">\n\t\t\t\t\t<h2 class=\"elementor-heading-title elementor-size-default\">Willkommen in der Alten Schmiede<\/h2>\t\t\t\t<\/div>\n\t\t\t\t<div class=\"elementor-element elementor-element-493c6b9 elementor-invisible elementor-widget elementor-widget-text-editor\" data-id=\"493c6b9\" data-element_type=\"widget\" data-settings=\"{&quot;_animation&quot;:&quot;fadeInUp&quot;,&quot;_animation_delay&quot;:100}\" data-widget_type=\"text-editor.default\">\n\t\t\t\t\t\t\t\t\t<p>In einem \u00fcber 500 Jahre alten Geb\u00e4ude \u2013 einst ein Ort der Eisenschmiede \u2013 ist ein neuer Ort des Ankommens, der Geborgenheit und des Miteinanders entstanden.<\/p><p>Die Alte Schmiede steht f\u00fcr rustikale Gem\u00fctlichkeit, herzliche Gastfreundschaft und eine geschichtstr\u00e4chtige Atmosph\u00e4re, die zum Verweilen und Genie\u00dfen einl\u00e4dt.<\/p><p>Ob f\u00fcr einen entspannten Abend, einen besonderen Anlass oder einfach nur f\u00fcr eine kleine Auszeit \u2013 bei uns sind Sie immer gut aufgehoben.<\/p><p>Wir freuen uns auf Ihren Besuch!<\/p>\t\t\t\t\t\t\t\t<\/div>\n\t\t\t\t<\/div>\n\t\t\t\t\t<\/div>\n\t\t\t\t<\/div>\n\t\t\t\t<\/div>\n\t\t","protected":false},"excerpt":{"rendered":"<p>Willkommen in der Alten Schmiede In einem \u00fcber 500 Jahre alten Geb\u00e4ude \u2013 einst ein Ort der Eisenschmiede \u2013 ist ein neuer Ort des Ankommens, der Geborgenheit und des Miteinanders entstanden. Die Alte Schmiede steht f\u00fcr rustikale Gem\u00fctlichkeit, herzliche Gastfreundschaft und eine geschichtstr\u00e4chtige Atmosph\u00e4re, die zum Verweilen und Genie\u00dfen einl\u00e4dt. Ob f\u00fcr einen entspannten Abend, [&hellip;]<\/p>\n","protected":false},"author":1,"featured_media":0,"parent":0,"menu_order":0,"comment_status":"closed","ping_status":"closed","template":"","meta":{"_acf_changed":false,"footnotes":""},"class_list":["post-12","page","type-page","status-publish","hentry"],"acf":[],"_links":{"self":[{"href":"https:\/\/restaurant-alteschmiede.de\/de\/wp-json\/wp\/v2\/pages\/12","targetHints":{"allow":["GET"]}}],"collection":[{"href":"https:\/\/restaurant-alteschmiede.de\/de\/wp-json\/wp\/v2\/pages"}],"about":[{"href":"https:\/\/restaurant-alteschmiede.de\/de\/wp-json\/wp\/v2\/types\/page"}],"author":[{"embeddable":true,"href":"https:\/\/restaurant-alteschmiede.de\/de\/wp-json\/wp\/v2\/users\/1"}],"replies":[{"embeddable":true,"href":"https:\/\/restaurant-alteschmiede.de\/de\/wp-json\/wp\/v2\/comments?post=12"}],"version-history":[{"count":4,"href":"https:\/\/restaurant-alteschmiede.de\/de\/wp-json\/wp\/v2\/pages\/12\/revisions"}],"predecessor-version":[{"id":1769,"href":"https:\/\/restaurant-alteschmiede.de\/de\/wp-json\/wp\/v2\/pages\/12\/revisions\/1769"}],"wp:attachment":[{"href":"https:\/\/restaurant-alteschmiede.de\/de\/wp-json\/wp\/v2\/media?parent=12"}],"curies":[{"name":"wp","href":"https:\/\/api.w.org\/{rel}","templated":true}]}}